{"id":953,"date":"2019-05-30T12:31:48","date_gmt":"2019-05-30T10:31:48","guid":{"rendered":"http:\/\/karateclubmenucourt.fr\/?page_id=953"},"modified":"2020-12-21T16:19:31","modified_gmt":"2020-12-21T15:19:31","slug":"coupe-ile-de-france-2019","status":"publish","type":"page","link":"https:\/\/karateclubmenucourt.fr\/index.php\/coupe-ile-de-france-2019\/","title":{"rendered":"Coupe Ile de France 2019"},"content":{"rendered":"\n<h4 class=\"wp-block-heading\">Valentin et Yohann repr\u00e9sentaient encore le KCM \u00e0 la coupe r\u00e9gionale d&rsquo;Ile de France cette ann\u00e9e&#8230; Un grand Bravo \u00e0 eux&#8230;<\/h4>\n\n\n<figure class=\"wp-block-embed wp-block-embed-youtube is-type-video is-provider-youtube epyt-figure\"><div class=\"wp-block-embed__wrapper\"><iframe loading=\"lazy\"  id=\"_ytid_87805\"  width=\"530\" height=\"298\"  data-origwidth=\"530\" data-origheight=\"298\" src=\"https:\/\/www.youtube.com\/embed\/pYtRK-0qThw?enablejsapi=1&#038;autoplay=0&#038;cc_load_policy=0&#038;cc_lang_pref=&#038;iv_load_policy=1&#038;loop=0&#038;rel=1&#038;fs=1&#038;playsinline=0&#038;autohide=2&#038;theme=dark&#038;color=red&#038;controls=1&#038;disablekb=0&#038;\" class=\"__youtube_prefs__  no-lazyload\" title=\"YouTube player\"  allow=\"fullscreen; accelerometer; autoplay; clipboard-write; encrypted-media; gyroscope; picture-in-picture; web-share\" referrerpolicy=\"strict-origin-when-cross-origin\" allowfullscreen data-no-lazy=\"1\" data-skipgform_ajax_framebjll=\"\"><\/iframe><\/div><\/figure>","protected":false},"excerpt":{"rendered":"<p>Valentin et Yohann repr\u00e9sentaient encore le KCM \u00e0 la coupe r\u00e9gionale d&rsquo;Ile de France cette ann\u00e9e&#8230; Un grand Bravo \u00e0 eux&#8230;<\/p>\n","protected":false},"author":1,"featured_media":0,"parent":0,"menu_order":0,"comment_status":"closed","ping_status":"closed","template":"","meta":{"footnotes":""},"class_list":["post-953","page","type-page","status-publish","hentry"],"jetpack_sharing_enabled":true,"_links":{"self":[{"href":"https:\/\/karateclubmenucourt.fr\/index.php\/wp-json\/wp\/v2\/pages\/953","targetHints":{"allow":["GET"]}}],"collection":[{"href":"https:\/\/karateclubmenucourt.fr\/index.php\/wp-json\/wp\/v2\/pages"}],"about":[{"href":"https:\/\/karateclubmenucourt.fr\/index.php\/wp-json\/wp\/v2\/types\/page"}],"author":[{"embeddable":true,"href":"https:\/\/karateclubmenucourt.fr\/index.php\/wp-json\/wp\/v2\/users\/1"}],"replies":[{"embeddable":true,"href":"https:\/\/karateclubmenucourt.fr\/index.php\/wp-json\/wp\/v2\/comments?post=953"}],"version-history":[{"count":1,"href":"https:\/\/karateclubmenucourt.fr\/index.php\/wp-json\/wp\/v2\/pages\/953\/revisions"}],"predecessor-version":[{"id":954,"href":"https:\/\/karateclubmenucourt.fr\/index.php\/wp-json\/wp\/v2\/pages\/953\/revisions\/954"}],"wp:attachment":[{"href":"https:\/\/karateclubmenucourt.fr\/index.php\/wp-json\/wp\/v2\/media?parent=953"}],"curies":[{"name":"wp","href":"https:\/\/api.w.org\/{rel}","templated":true}]}}