{"id":948,"date":"2019-05-30T08:44:05","date_gmt":"2019-05-30T06:44:05","guid":{"rendered":"http:\/\/karateclubmenucourt.fr\/?page_id=948"},"modified":"2020-12-21T16:19:51","modified_gmt":"2020-12-21T15:19:51","slug":"menucourt-en-fete-18-avril-2019","status":"publish","type":"page","link":"https:\/\/karateclubmenucourt.fr\/index.php\/menucourt-en-fete-18-avril-2019\/","title":{"rendered":"MENUCOURT EN F\u00caTE &#8211; 18 Avril 2019"},"content":{"rendered":"\n<p>Nous avons eu le plaisir Samedi 18 Avril 2019 de faire une petite d\u00e9monstration lors de l&rsquo;\u00e9v\u00e9nement Menucourt en f\u00eate&#8230;<\/p>\n\n\n<figure class=\"wp-block-embed wp-block-embed-youtube is-type-video is-provider-youtube epyt-figure\"><div class=\"wp-block-embed__wrapper\"><iframe loading=\"lazy\"  id=\"_ytid_91436\"  width=\"530\" height=\"298\"  data-origwidth=\"530\" data-origheight=\"298\" src=\"https:\/\/www.youtube.com\/embed\/VFjnHSnU9XY?enablejsapi=1&#038;autoplay=0&#038;cc_load_policy=0&#038;cc_lang_pref=&#038;iv_load_policy=1&#038;loop=0&#038;rel=1&#038;fs=1&#038;playsinline=0&#038;autohide=2&#038;theme=dark&#038;color=red&#038;controls=1&#038;disablekb=0&#038;\" class=\"__youtube_prefs__  no-lazyload\" title=\"YouTube player\"  allow=\"fullscreen; accelerometer; autoplay; clipboard-write; encrypted-media; gyroscope; picture-in-picture; web-share\" referrerpolicy=\"strict-origin-when-cross-origin\" allowfullscreen data-no-lazy=\"1\" data-skipgform_ajax_framebjll=\"\"><\/iframe><\/div><\/figure>","protected":false},"excerpt":{"rendered":"<p>Nous avons eu le plaisir Samedi 18 Avril 2019 de faire une petite d\u00e9monstration lors de l&rsquo;\u00e9v\u00e9nement Menucourt en f\u00eate&#8230;<\/p>\n","protected":false},"author":1,"featured_media":0,"parent":0,"menu_order":0,"comment_status":"closed","ping_status":"closed","template":"","meta":{"footnotes":""},"class_list":["post-948","page","type-page","status-publish","hentry"],"jetpack_sharing_enabled":true,"_links":{"self":[{"href":"https:\/\/karateclubmenucourt.fr\/index.php\/wp-json\/wp\/v2\/pages\/948","targetHints":{"allow":["GET"]}}],"collection":[{"href":"https:\/\/karateclubmenucourt.fr\/index.php\/wp-json\/wp\/v2\/pages"}],"about":[{"href":"https:\/\/karateclubmenucourt.fr\/index.php\/wp-json\/wp\/v2\/types\/page"}],"author":[{"embeddable":true,"href":"https:\/\/karateclubmenucourt.fr\/index.php\/wp-json\/wp\/v2\/users\/1"}],"replies":[{"embeddable":true,"href":"https:\/\/karateclubmenucourt.fr\/index.php\/wp-json\/wp\/v2\/comments?post=948"}],"version-history":[{"count":2,"href":"https:\/\/karateclubmenucourt.fr\/index.php\/wp-json\/wp\/v2\/pages\/948\/revisions"}],"predecessor-version":[{"id":952,"href":"https:\/\/karateclubmenucourt.fr\/index.php\/wp-json\/wp\/v2\/pages\/948\/revisions\/952"}],"wp:attachment":[{"href":"https:\/\/karateclubmenucourt.fr\/index.php\/wp-json\/wp\/v2\/media?parent=948"}],"curies":[{"name":"wp","href":"https:\/\/api.w.org\/{rel}","templated":true}]}}