{"id":817,"date":"2019-01-26T18:45:46","date_gmt":"2019-01-26T17:45:46","guid":{"rendered":"http:\/\/karateclubmenucourt.fr\/?page_id=817"},"modified":"2020-12-21T16:20:12","modified_gmt":"2020-12-21T15:20:12","slug":"repas-de-fin-dannee-2018","status":"publish","type":"page","link":"https:\/\/karateclubmenucourt.fr\/index.php\/repas-de-fin-dannee-2018\/","title":{"rendered":"Repas de fin d&rsquo;ann\u00e9e 2018"},"content":{"rendered":"\n<figure class=\"wp-block-image\"><img data-recalc-dims=\"1\" loading=\"lazy\" decoding=\"async\" width=\"530\" height=\"300\" src=\"https:\/\/i0.wp.com\/karateclubmenucourt.fr\/wp-content\/uploads\/2018\/12\/image-8.png?resize=530%2C300&#038;ssl=1\" alt=\"\" class=\"wp-image-418\" srcset=\"https:\/\/i0.wp.com\/karateclubmenucourt.fr\/wp-content\/uploads\/2018\/12\/image-8.png?resize=1024%2C580&amp;ssl=1 1024w, https:\/\/i0.wp.com\/karateclubmenucourt.fr\/wp-content\/uploads\/2018\/12\/image-8.png?resize=300%2C170&amp;ssl=1 300w, https:\/\/i0.wp.com\/karateclubmenucourt.fr\/wp-content\/uploads\/2018\/12\/image-8.png?resize=768%2C435&amp;ssl=1 768w, https:\/\/i0.wp.com\/karateclubmenucourt.fr\/wp-content\/uploads\/2018\/12\/image-8.png?w=1055&amp;ssl=1 1055w\" sizes=\"auto, (max-width: 530px) 100vw, 530px\" \/><\/figure>\n\n\n\n<p>Afin de f\u00eater la fin de l\u2019ann\u00e9e 2018, Fouad ainsi que les membre du bureaux ont convi\u00e9s l\u2019ensemble des adh\u00e9rents \u00e0 participer \u00e0 un entra\u00eenement commun le jeudi 20 d\u00e9cembre.&nbsp;Le cours s\u2019est d\u00e9roul\u00e9 exceptionnellement de 18h45 \u00e0 20h00. Les d\u00e9butants comme les confirm\u00e9s \u00e9taient attendus sur le tatami et en kimono pour cette s\u00e9ance tr\u00e8s particuli\u00e8re.<br><\/p>\n\n\n\n<p>Un moment magique partag\u00e9 entre les petits et les grands \u2026<\/p>\n\n\n\n<figure class=\"wp-block-image\"><img data-recalc-dims=\"1\" loading=\"lazy\" decoding=\"async\" width=\"530\" height=\"298\" src=\"https:\/\/i0.wp.com\/karateclubmenucourt.fr\/wp-content\/uploads\/2018\/12\/20181220_194936.jpg?resize=530%2C298&#038;ssl=1\" alt=\"\" class=\"wp-image-785\" srcset=\"https:\/\/i0.wp.com\/karateclubmenucourt.fr\/wp-content\/uploads\/2018\/12\/20181220_194936.jpg?resize=1024%2C576&amp;ssl=1 1024w, https:\/\/i0.wp.com\/karateclubmenucourt.fr\/wp-content\/uploads\/2018\/12\/20181220_194936.jpg?resize=300%2C169&amp;ssl=1 300w, https:\/\/i0.wp.com\/karateclubmenucourt.fr\/wp-content\/uploads\/2018\/12\/20181220_194936.jpg?resize=768%2C432&amp;ssl=1 768w, https:\/\/i0.wp.com\/karateclubmenucourt.fr\/wp-content\/uploads\/2018\/12\/20181220_194936.jpg?w=1590&amp;ssl=1 1590w\" sizes=\"auto, (max-width: 530px) 100vw, 530px\" \/><\/figure>\n\n\n\n<figure class=\"wp-block-image\"><img data-recalc-dims=\"1\" loading=\"lazy\" decoding=\"async\" width=\"530\" height=\"298\" src=\"https:\/\/i0.wp.com\/karateclubmenucourt.fr\/wp-content\/uploads\/2018\/12\/20181220_195030.jpg?resize=530%2C298&#038;ssl=1\" alt=\"\" class=\"wp-image-784\" srcset=\"https:\/\/i0.wp.com\/karateclubmenucourt.fr\/wp-content\/uploads\/2018\/12\/20181220_195030.jpg?resize=1024%2C576&amp;ssl=1 1024w, https:\/\/i0.wp.com\/karateclubmenucourt.fr\/wp-content\/uploads\/2018\/12\/20181220_195030.jpg?resize=300%2C169&amp;ssl=1 300w, https:\/\/i0.wp.com\/karateclubmenucourt.fr\/wp-content\/uploads\/2018\/12\/20181220_195030.jpg?resize=768%2C432&amp;ssl=1 768w, https:\/\/i0.wp.com\/karateclubmenucourt.fr\/wp-content\/uploads\/2018\/12\/20181220_195030.jpg?w=1590&amp;ssl=1 1590w\" sizes=\"auto, (max-width: 530px) 100vw, 530px\" \/><\/figure>\n\n\n\n<figure class=\"wp-block-image\"><img data-recalc-dims=\"1\" loading=\"lazy\" decoding=\"async\" width=\"530\" height=\"298\" src=\"https:\/\/i0.wp.com\/karateclubmenucourt.fr\/wp-content\/uploads\/2018\/12\/20181220_194941.jpg?resize=530%2C298&#038;ssl=1\" alt=\"\" class=\"wp-image-786\" srcset=\"https:\/\/i0.wp.com\/karateclubmenucourt.fr\/wp-content\/uploads\/2018\/12\/20181220_194941.jpg?resize=1024%2C576&amp;ssl=1 1024w, https:\/\/i0.wp.com\/karateclubmenucourt.fr\/wp-content\/uploads\/2018\/12\/20181220_194941.jpg?resize=300%2C169&amp;ssl=1 300w, https:\/\/i0.wp.com\/karateclubmenucourt.fr\/wp-content\/uploads\/2018\/12\/20181220_194941.jpg?resize=768%2C432&amp;ssl=1 768w, https:\/\/i0.wp.com\/karateclubmenucourt.fr\/wp-content\/uploads\/2018\/12\/20181220_194941.jpg?w=1590&amp;ssl=1 1590w\" sizes=\"auto, (max-width: 530px) 100vw, 530px\" \/><\/figure>\n\n\n\n<figure class=\"wp-block-image\"><img data-recalc-dims=\"1\" loading=\"lazy\" decoding=\"async\" width=\"530\" height=\"398\" src=\"https:\/\/i0.wp.com\/karateclubmenucourt.fr\/wp-content\/uploads\/2018\/12\/IMG_5058.jpeg?resize=530%2C398&#038;ssl=1\" alt=\"\" class=\"wp-image-781\" srcset=\"https:\/\/i0.wp.com\/karateclubmenucourt.fr\/wp-content\/uploads\/2018\/12\/IMG_5058.jpeg?resize=1024%2C768&amp;ssl=1 1024w, https:\/\/i0.wp.com\/karateclubmenucourt.fr\/wp-content\/uploads\/2018\/12\/IMG_5058.jpeg?resize=300%2C225&amp;ssl=1 300w, https:\/\/i0.wp.com\/karateclubmenucourt.fr\/wp-content\/uploads\/2018\/12\/IMG_5058.jpeg?resize=768%2C576&amp;ssl=1 768w, https:\/\/i0.wp.com\/karateclubmenucourt.fr\/wp-content\/uploads\/2018\/12\/IMG_5058.jpeg?w=1590&amp;ssl=1 1590w\" sizes=\"auto, (max-width: 530px) 100vw, 530px\" \/><\/figure>\n\n\n\n<figure class=\"wp-block-image\"><img data-recalc-dims=\"1\" loading=\"lazy\" decoding=\"async\" width=\"530\" height=\"398\" src=\"https:\/\/i0.wp.com\/karateclubmenucourt.fr\/wp-content\/uploads\/2018\/12\/IMG_5073.jpeg?resize=530%2C398&#038;ssl=1\" alt=\"\" class=\"wp-image-782\" srcset=\"https:\/\/i0.wp.com\/karateclubmenucourt.fr\/wp-content\/uploads\/2018\/12\/IMG_5073.jpeg?resize=1024%2C768&amp;ssl=1 1024w, https:\/\/i0.wp.com\/karateclubmenucourt.fr\/wp-content\/uploads\/2018\/12\/IMG_5073.jpeg?resize=300%2C225&amp;ssl=1 300w, https:\/\/i0.wp.com\/karateclubmenucourt.fr\/wp-content\/uploads\/2018\/12\/IMG_5073.jpeg?resize=768%2C576&amp;ssl=1 768w, https:\/\/i0.wp.com\/karateclubmenucourt.fr\/wp-content\/uploads\/2018\/12\/IMG_5073.jpeg?w=1590&amp;ssl=1 1590w\" sizes=\"auto, (max-width: 530px) 100vw, 530px\" \/><\/figure>\n\n\n\n<figure class=\"wp-block-image\"><img data-recalc-dims=\"1\" loading=\"lazy\" decoding=\"async\" width=\"530\" height=\"398\" src=\"https:\/\/i0.wp.com\/karateclubmenucourt.fr\/wp-content\/uploads\/2018\/12\/IMG_5074.jpeg?resize=530%2C398&#038;ssl=1\" alt=\"\" class=\"wp-image-783\" srcset=\"https:\/\/i0.wp.com\/karateclubmenucourt.fr\/wp-content\/uploads\/2018\/12\/IMG_5074.jpeg?resize=1024%2C768&amp;ssl=1 1024w, https:\/\/i0.wp.com\/karateclubmenucourt.fr\/wp-content\/uploads\/2018\/12\/IMG_5074.jpeg?resize=300%2C225&amp;ssl=1 300w, https:\/\/i0.wp.com\/karateclubmenucourt.fr\/wp-content\/uploads\/2018\/12\/IMG_5074.jpeg?resize=768%2C576&amp;ssl=1 768w, https:\/\/i0.wp.com\/karateclubmenucourt.fr\/wp-content\/uploads\/2018\/12\/IMG_5074.jpeg?w=1590&amp;ssl=1 1590w\" sizes=\"auto, (max-width: 530px) 100vw, 530px\" \/><\/figure>\n\n\n\n<p><strong>Apr\u00e8s le cours, le r\u00e9confort !<\/strong><\/p>\n\n\n\n<p>Nous avons ensuite partag\u00e9 un petit quelque chose apport\u00e9 par chacun pour f\u00eater dignement cette fin d\u2019ann\u00e9e.<\/p>\n\n\n\n<figure class=\"wp-block-image\"><img data-recalc-dims=\"1\" loading=\"lazy\" decoding=\"async\" width=\"530\" height=\"398\" src=\"https:\/\/i0.wp.com\/karateclubmenucourt.fr\/wp-content\/uploads\/2018\/12\/20181220_200729.jpg?resize=530%2C398&#038;ssl=1\" alt=\"\" class=\"wp-image-797\" srcset=\"https:\/\/i0.wp.com\/karateclubmenucourt.fr\/wp-content\/uploads\/2018\/12\/20181220_200729.jpg?resize=1024%2C768&amp;ssl=1 1024w, https:\/\/i0.wp.com\/karateclubmenucourt.fr\/wp-content\/uploads\/2018\/12\/20181220_200729.jpg?resize=300%2C225&amp;ssl=1 300w, https:\/\/i0.wp.com\/karateclubmenucourt.fr\/wp-content\/uploads\/2018\/12\/20181220_200729.jpg?resize=768%2C576&amp;ssl=1 768w, https:\/\/i0.wp.com\/karateclubmenucourt.fr\/wp-content\/uploads\/2018\/12\/20181220_200729.jpg?w=1590&amp;ssl=1 1590w\" sizes=\"auto, (max-width: 530px) 100vw, 530px\" \/><\/figure>\n\n\n\n<figure class=\"wp-block-image\"><img data-recalc-dims=\"1\" loading=\"lazy\" decoding=\"async\" width=\"530\" height=\"398\" src=\"https:\/\/i0.wp.com\/karateclubmenucourt.fr\/wp-content\/uploads\/2018\/12\/20181220_200740.jpg?resize=530%2C398&#038;ssl=1\" alt=\"\" class=\"wp-image-798\" srcset=\"https:\/\/i0.wp.com\/karateclubmenucourt.fr\/wp-content\/uploads\/2018\/12\/20181220_200740.jpg?resize=1024%2C768&amp;ssl=1 1024w, https:\/\/i0.wp.com\/karateclubmenucourt.fr\/wp-content\/uploads\/2018\/12\/20181220_200740.jpg?resize=300%2C225&amp;ssl=1 300w, https:\/\/i0.wp.com\/karateclubmenucourt.fr\/wp-content\/uploads\/2018\/12\/20181220_200740.jpg?resize=768%2C576&amp;ssl=1 768w, https:\/\/i0.wp.com\/karateclubmenucourt.fr\/wp-content\/uploads\/2018\/12\/20181220_200740.jpg?w=1590&amp;ssl=1 1590w\" sizes=\"auto, (max-width: 530px) 100vw, 530px\" \/><\/figure>\n\n\n\n<p>A tr\u00e8s bient\u00f4t les amis&nbsp;&nbsp;!<\/p>\n\n\n\n<figure class=\"wp-block-image\"><img data-recalc-dims=\"1\" loading=\"lazy\" decoding=\"async\" width=\"530\" height=\"398\" src=\"https:\/\/i0.wp.com\/karateclubmenucourt.fr\/wp-content\/uploads\/2018\/12\/20181220_195714.jpg?resize=530%2C398&#038;ssl=1\" alt=\"\" class=\"wp-image-796\" srcset=\"https:\/\/i0.wp.com\/karateclubmenucourt.fr\/wp-content\/uploads\/2018\/12\/20181220_195714.jpg?resize=1024%2C768&amp;ssl=1 1024w, https:\/\/i0.wp.com\/karateclubmenucourt.fr\/wp-content\/uploads\/2018\/12\/20181220_195714.jpg?resize=300%2C225&amp;ssl=1 300w, https:\/\/i0.wp.com\/karateclubmenucourt.fr\/wp-content\/uploads\/2018\/12\/20181220_195714.jpg?resize=768%2C576&amp;ssl=1 768w, https:\/\/i0.wp.com\/karateclubmenucourt.fr\/wp-content\/uploads\/2018\/12\/20181220_195714.jpg?w=1590&amp;ssl=1 1590w\" sizes=\"auto, (max-width: 530px) 100vw, 530px\" \/><\/figure>\n","protected":false},"excerpt":{"rendered":"<p>Afin de f\u00eater la fin de l\u2019ann\u00e9e 2018, Fouad ainsi que les membre du bureaux ont convi\u00e9s l\u2019ensemble des adh\u00e9rents \u00e0 participer \u00e0 un entra\u00eenement commun le jeudi 20 d\u00e9cembre.&nbsp;Le cours s\u2019est d\u00e9roul\u00e9 exceptionnellement de 18h45 \u00e0 20h00. Les d\u00e9butants <a class=\"more-link\" href=\"https:\/\/karateclubmenucourt.fr\/index.php\/repas-de-fin-dannee-2018\/\">Continuer la lecture <span class=\"screen-reader-text\">  Repas de fin d&rsquo;ann\u00e9e 2018<\/span><span class=\"meta-nav\">&rarr;<\/span><\/a><\/p>\n","protected":false},"author":1,"featured_media":0,"parent":0,"menu_order":0,"comment_status":"closed","ping_status":"closed","template":"","meta":{"footnotes":""},"class_list":["post-817","page","type-page","status-publish","hentry"],"jetpack_sharing_enabled":true,"_links":{"self":[{"href":"https:\/\/karateclubmenucourt.fr\/index.php\/wp-json\/wp\/v2\/pages\/817","targetHints":{"allow":["GET"]}}],"collection":[{"href":"https:\/\/karateclubmenucourt.fr\/index.php\/wp-json\/wp\/v2\/pages"}],"about":[{"href":"https:\/\/karateclubmenucourt.fr\/index.php\/wp-json\/wp\/v2\/types\/page"}],"author":[{"embeddable":true,"href":"https:\/\/karateclubmenucourt.fr\/index.php\/wp-json\/wp\/v2\/users\/1"}],"replies":[{"embeddable":true,"href":"https:\/\/karateclubmenucourt.fr\/index.php\/wp-json\/wp\/v2\/comments?post=817"}],"version-history":[{"count":3,"href":"https:\/\/karateclubmenucourt.fr\/index.php\/wp-json\/wp\/v2\/pages\/817\/revisions"}],"predecessor-version":[{"id":825,"href":"https:\/\/karateclubmenucourt.fr\/index.php\/wp-json\/wp\/v2\/pages\/817\/revisions\/825"}],"wp:attachment":[{"href":"https:\/\/karateclubmenucourt.fr\/index.php\/wp-json\/wp\/v2\/media?parent=817"}],"curies":[{"name":"wp","href":"https:\/\/api.w.org\/{rel}","templated":true}]}}