{"id":337,"date":"2018-12-19T14:13:34","date_gmt":"2018-12-19T13:13:34","guid":{"rendered":"http:\/\/karateclubmenucourt.fr\/?page_id=337"},"modified":"2020-12-21T16:20:12","modified_gmt":"2020-12-21T15:20:12","slug":"la-competition","status":"publish","type":"page","link":"https:\/\/karateclubmenucourt.fr\/index.php\/la-competition\/","title":{"rendered":"Pratiquer le Karat\u00e9 en comp\u00e9tition"},"content":{"rendered":"\n<p><strong>Les diff\u00e9rentes formes de comp\u00e9titions<\/strong><\/p>\n\n\n\n<p>&#8211; Kata<\/p>\n\n\n\n<p>&#8211; Kumit\u00e9 (combat) <\/p>\n\n\n\n<p>&#8211; parfois combin\u00e9es : Kata\/Kumit\u00e9<\/p>\n\n\n\n<p>Elles sont pr\u00e9sent\u00e9es \u00e0 titre individuel ou en \u00e9quipe.<br>Les comp\u00e9titeurs sont class\u00e9s par cat\u00e9gorie d&rsquo;\u00e2ge : de mini-poussin \u00e0 V\u00e9t\u00e9ran<br>(cf : doc mis en ligne par la f\u00e9d\u00e9ration <br><a rel=\"noreferrer noopener\" href=\"http:\/\/www.ffkarate.fr\/wp-content\/uploads\/2018\/09\/Cat%C3%A9gorie_age_poids_2018-2019.pdf\" target=\"_blank\">http:\/\/www.ffkarate.fr\/wp-content\/uploads\/2018\/09\/Cat%C3%A9gorie_age_poids_2018-2019.pdf<\/a>)<\/p>\n\n\n\n<p>Les comp\u00e9titions Kumit\u00e9 s&rsquo;organisent selon les cat\u00e9gories de poids (cf doc mis en ligne par la f\u00e9d\u00e9ration).<br><\/p>\n\n\n\n<p><strong>Pr\u00e9-requis \u00e0 la comp\u00e9tition<\/strong><\/p>\n\n\n\n<p>&#8211; 2 ann\u00e9es de licences minimum<br><\/p>\n\n\n\n<p>&#8211; certificat m\u00e9dical pr\u00e9voyant la pratique du Karat\u00e9 en comp\u00e9tition<\/p>\n\n\n\n<p>&#8211; passeport sportif (\u00e0 commander via le club &#8211; prix moyen 15 euros)<\/p>\n\n\n\n<p>&#8211; pour les mineurs : autorisation parentale (cf doc mis en ligne par la f\u00e9d\u00e9ration)<\/p>\n\n\n\n<p><strong>Calendrier des comp\u00e9titions<\/strong><br><\/p>\n\n\n\n<p>Il existe trois calendriers : d\u00e9partemental, r\u00e9gional et national.Certaines comp\u00e9titions nationales font l&rsquo;objet de qualifications d\u00e9partementales.<br><\/p>\n\n\n\n<p><strong>Acc\u00e8s aux calendriers 2018-2019<\/strong><\/p>\n\n\n\n<p>Comit\u00e9 D\u00e9partemental du Val d&rsquo;Oise :&nbsp;<a rel=\"noreferrer noopener\" href=\"http:\/\/sites.ffkarate.fr\/valdoise\/calendrier\/\" target=\"_blank\">http:\/\/sites.ffkarate.fr\/valdoise\/calendrier\/<\/a><\/p>\n\n\n\n<p>Ligue R\u00e9gionale d&rsquo;Ile de France :&nbsp;<a rel=\"noreferrer noopener\" href=\"http:\/\/sites.ffkarate.fr\/iledefrance\/calendrier\/\" target=\"_blank\">http:\/\/sites.ffkarate.fr\/iledefrance\/calendrier\/<\/a><\/p>\n\n\n\n<p>F\u00e9d\u00e9ration nationale :&nbsp;<a rel=\"noreferrer noopener\" href=\"http:\/\/www.ffkarate.fr\/calendrier\/\" target=\"_blank\">http:\/\/www.ffkarate.fr\/calendrier\/<\/a><br><\/p>\n\n\n\n<p>Inscription :Sur proposition du professeur et apr\u00e8s avoir recueilli l&rsquo;avis de l&rsquo;adh\u00e9rent, le club effectue l&rsquo;inscription. Attention aux d\u00e9lais r\u00e9glementaires.Les frais d&rsquo;inscription de l&rsquo;adh\u00e9rent sont pris en charge par le club.Merci de s&rsquo;assurer de sa disponibilit\u00e9 avant toute demande d&rsquo;inscription.<br><\/p>\n\n\n\n<p><strong>Info&nbsp;+<\/strong><\/p>\n\n\n\n<p>Le jour J :<\/p>\n\n\n\n<p>&#8211; S&rsquo;assurer d&rsquo;avoir en sa possession les documents indispensables ainsi que le mat\u00e9riel n\u00e9cessaire (cf PJ)<\/p>\n\n\n\n<p>&#8211; L&rsquo;acc\u00e8s au dojo est gratuit pour les comp\u00e9titeurs, par contre, il est souvent demand\u00e9 une participation aux visiteurs (g\u00e9n\u00e9ralement de 3 \u00e0 8 euros)<br><\/p>\n","protected":false},"excerpt":{"rendered":"<p>Les diff\u00e9rentes formes de comp\u00e9titions &#8211; Kata &#8211; Kumit\u00e9 (combat) &#8211; parfois combin\u00e9es : Kata\/Kumit\u00e9 Elles sont pr\u00e9sent\u00e9es \u00e0 titre individuel ou en \u00e9quipe.Les comp\u00e9titeurs sont class\u00e9s par cat\u00e9gorie d&rsquo;\u00e2ge : de mini-poussin \u00e0 V\u00e9t\u00e9ran(cf : doc mis en ligne <a class=\"more-link\" href=\"https:\/\/karateclubmenucourt.fr\/index.php\/la-competition\/\">Continuer la lecture <span class=\"screen-reader-text\">  Pratiquer le Karat\u00e9 en comp\u00e9tition<\/span><span class=\"meta-nav\">&rarr;<\/span><\/a><\/p>\n","protected":false},"author":1,"featured_media":0,"parent":0,"menu_order":0,"comment_status":"closed","ping_status":"closed","template":"","meta":{"footnotes":""},"class_list":["post-337","page","type-page","status-publish","hentry"],"jetpack_sharing_enabled":true,"_links":{"self":[{"href":"https:\/\/karateclubmenucourt.fr\/index.php\/wp-json\/wp\/v2\/pages\/337","targetHints":{"allow":["GET"]}}],"collection":[{"href":"https:\/\/karateclubmenucourt.fr\/index.php\/wp-json\/wp\/v2\/pages"}],"about":[{"href":"https:\/\/karateclubmenucourt.fr\/index.php\/wp-json\/wp\/v2\/types\/page"}],"author":[{"embeddable":true,"href":"https:\/\/karateclubmenucourt.fr\/index.php\/wp-json\/wp\/v2\/users\/1"}],"replies":[{"embeddable":true,"href":"https:\/\/karateclubmenucourt.fr\/index.php\/wp-json\/wp\/v2\/comments?post=337"}],"version-history":[{"count":3,"href":"https:\/\/karateclubmenucourt.fr\/index.php\/wp-json\/wp\/v2\/pages\/337\/revisions"}],"predecessor-version":[{"id":434,"href":"https:\/\/karateclubmenucourt.fr\/index.php\/wp-json\/wp\/v2\/pages\/337\/revisions\/434"}],"wp:attachment":[{"href":"https:\/\/karateclubmenucourt.fr\/index.php\/wp-json\/wp\/v2\/media?parent=337"}],"curies":[{"name":"wp","href":"https:\/\/api.w.org\/{rel}","templated":true}]}}