{"id":304,"date":"2018-12-18T18:48:54","date_gmt":"2018-12-18T17:48:54","guid":{"rendered":"http:\/\/karateclubmenucourt.fr\/?page_id=304"},"modified":"2020-12-21T16:20:12","modified_gmt":"2020-12-21T15:20:12","slug":"actus-du-club","status":"publish","type":"page","link":"https:\/\/karateclubmenucourt.fr\/index.php\/actus-du-club\/","title":{"rendered":"R\u00e9sultats Comp\u00e9tition Janvier 2019"},"content":{"rendered":"\n<p>Comp\u00e9tition KATA le <span style=\"color: #191e23;\"><span style=\"background-color: #e8eaeb;\"><b>27 Janvier&nbsp;2019 \u00e0&nbsp;Domont&nbsp;&#8230;<\/b><\/span><\/span><\/p>\n\n\n\n<p>3 Karat\u00e9kas du KCM repr\u00e9sentaient le KCM le Dimanche 27 Janvier \u00e0 la coupe d\u00e9partementale du 95 KATA qui se d\u00e9roulait \u00e0 Domont.<\/p>\n\n\n\n<pre class=\"wp-block-code\"><code>- Maylinh dans la cat\u00e9gorie minime\n- Valentin dans la cat\u00e9gorie cadet\n- Yohann dans la cat\u00e9gorie senior<\/code><\/pre>\n\n\n\n<p>Nos 3 comp\u00e9titeurs sont tomb\u00e9s dans des cat\u00e9gories au niveau tr\u00e8s relev\u00e9s mais ont fait honneur au KCM en pr\u00e9sentant de tr\u00e8s beaux katas &#8230;<\/p>\n\n\n\n<p>Maylinh et Valentin terminent sur la 3\u00e8me marche du podium \u2026 Une belle r\u00e9compense pour tout le travail fournit \u00e0 l&rsquo;entrainement&#8230;<\/p>\n\n\n\n<p>Yohann tombe sur le gagnant de la comp\u00e9tition d\u00e8s le premier tour. Il s&rsquo;est battu comme un tigre pour la 3\u00e8me place\u2026 <\/p>\n\n\n\n<p>Nous sommes extr\u00eamement fiers de nos 3 champions\u2026 BRAVO \u00e0 vous 3!!!<\/p>\n\n\n\n<figure class=\"wp-block-image\"><img data-recalc-dims=\"1\" loading=\"lazy\" decoding=\"async\" width=\"530\" height=\"398\" src=\"https:\/\/i0.wp.com\/karateclubmenucourt.fr\/wp-content\/uploads\/2019\/01\/IMG_20190127_154343.jpg?resize=530%2C398&#038;ssl=1\" alt=\"\" class=\"wp-image-838\" srcset=\"https:\/\/i0.wp.com\/karateclubmenucourt.fr\/wp-content\/uploads\/2019\/01\/IMG_20190127_154343.jpg?resize=1024%2C768&amp;ssl=1 1024w, https:\/\/i0.wp.com\/karateclubmenucourt.fr\/wp-content\/uploads\/2019\/01\/IMG_20190127_154343.jpg?resize=300%2C225&amp;ssl=1 300w, https:\/\/i0.wp.com\/karateclubmenucourt.fr\/wp-content\/uploads\/2019\/01\/IMG_20190127_154343.jpg?resize=768%2C576&amp;ssl=1 768w, https:\/\/i0.wp.com\/karateclubmenucourt.fr\/wp-content\/uploads\/2019\/01\/IMG_20190127_154343.jpg?w=1590&amp;ssl=1 1590w\" sizes=\"auto, (max-width: 530px) 100vw, 530px\" \/><figcaption>BRAVO Maylinh !!!<\/figcaption><\/figure>\n\n\n\n<figure class=\"wp-block-image\"><img data-recalc-dims=\"1\" loading=\"lazy\" decoding=\"async\" width=\"530\" height=\"398\" src=\"https:\/\/i0.wp.com\/karateclubmenucourt.fr\/wp-content\/uploads\/2019\/01\/IMG_20190127_170520.jpg?resize=530%2C398&#038;ssl=1\" alt=\"\" class=\"wp-image-839\" srcset=\"https:\/\/i0.wp.com\/karateclubmenucourt.fr\/wp-content\/uploads\/2019\/01\/IMG_20190127_170520.jpg?resize=1024%2C768&amp;ssl=1 1024w, https:\/\/i0.wp.com\/karateclubmenucourt.fr\/wp-content\/uploads\/2019\/01\/IMG_20190127_170520.jpg?resize=300%2C225&amp;ssl=1 300w, https:\/\/i0.wp.com\/karateclubmenucourt.fr\/wp-content\/uploads\/2019\/01\/IMG_20190127_170520.jpg?resize=768%2C576&amp;ssl=1 768w, https:\/\/i0.wp.com\/karateclubmenucourt.fr\/wp-content\/uploads\/2019\/01\/IMG_20190127_170520.jpg?w=1590&amp;ssl=1 1590w\" sizes=\"auto, (max-width: 530px) 100vw, 530px\" \/><figcaption>BRAVO Valentin !!!<\/figcaption><\/figure>\n\n\n\n<figure class=\"wp-block-image\"><img data-recalc-dims=\"1\" loading=\"lazy\" decoding=\"async\" width=\"530\" height=\"707\" src=\"https:\/\/i0.wp.com\/karateclubmenucourt.fr\/wp-content\/uploads\/2019\/01\/IMG_20190127_165927.jpg?resize=530%2C707&#038;ssl=1\" alt=\"\" class=\"wp-image-840\" srcset=\"https:\/\/i0.wp.com\/karateclubmenucourt.fr\/wp-content\/uploads\/2019\/01\/IMG_20190127_165927.jpg?resize=768%2C1024&amp;ssl=1 768w, https:\/\/i0.wp.com\/karateclubmenucourt.fr\/wp-content\/uploads\/2019\/01\/IMG_20190127_165927.jpg?resize=225%2C300&amp;ssl=1 225w, https:\/\/i0.wp.com\/karateclubmenucourt.fr\/wp-content\/uploads\/2019\/01\/IMG_20190127_165927.jpg?w=1060&amp;ssl=1 1060w, https:\/\/i0.wp.com\/karateclubmenucourt.fr\/wp-content\/uploads\/2019\/01\/IMG_20190127_165927.jpg?w=1590&amp;ssl=1 1590w\" sizes=\"auto, (max-width: 530px) 100vw, 530px\" \/><\/figure>\n\n\n<figure class=\"wp-block-embed wp-block-embed-youtube is-type-video is-provider-youtube epyt-figure\"><div class=\"wp-block-embed__wrapper\"><iframe loading=\"lazy\"  id=\"_ytid_60614\"  width=\"530\" height=\"298\"  data-origwidth=\"530\" data-origheight=\"298\" src=\"https:\/\/www.youtube.com\/embed\/2JDW8dVSgQY?enablejsapi=1&#038;autoplay=0&#038;cc_load_policy=0&#038;cc_lang_pref=&#038;iv_load_policy=1&#038;loop=0&#038;rel=1&#038;fs=1&#038;playsinline=0&#038;autohide=2&#038;theme=dark&#038;color=red&#038;controls=1&#038;disablekb=0&#038;\" class=\"__youtube_prefs__  no-lazyload\" title=\"YouTube player\"  allow=\"fullscreen; accelerometer; autoplay; clipboard-write; encrypted-media; gyroscope; picture-in-picture; web-share\" referrerpolicy=\"strict-origin-when-cross-origin\" allowfullscreen data-no-lazy=\"1\" data-skipgform_ajax_framebjll=\"\"><\/iframe><\/div><\/figure>\n\n<figure class=\"wp-block-embed wp-block-embed-youtube is-type-video is-provider-youtube epyt-figure\"><div class=\"wp-block-embed__wrapper\"><iframe loading=\"lazy\"  id=\"_ytid_98656\"  width=\"530\" height=\"298\"  data-origwidth=\"530\" data-origheight=\"298\" src=\"https:\/\/www.youtube.com\/embed\/YW_uLlf2WmQ?enablejsapi=1&#038;autoplay=0&#038;cc_load_policy=0&#038;cc_lang_pref=&#038;iv_load_policy=1&#038;loop=0&#038;rel=1&#038;fs=1&#038;playsinline=0&#038;autohide=2&#038;theme=dark&#038;color=red&#038;controls=1&#038;disablekb=0&#038;\" class=\"__youtube_prefs__  no-lazyload\" title=\"YouTube player\"  allow=\"fullscreen; accelerometer; autoplay; clipboard-write; encrypted-media; gyroscope; picture-in-picture; web-share\" referrerpolicy=\"strict-origin-when-cross-origin\" allowfullscreen data-no-lazy=\"1\" data-skipgform_ajax_framebjll=\"\"><\/iframe><\/div><\/figure>\n\n<figure class=\"wp-block-embed wp-block-embed-youtube is-type-video is-provider-youtube epyt-figure\"><div class=\"wp-block-embed__wrapper\"><iframe loading=\"lazy\"  id=\"_ytid_24416\"  width=\"530\" height=\"298\"  data-origwidth=\"530\" data-origheight=\"298\" src=\"https:\/\/www.youtube.com\/embed\/kfBADQjL9b8?enablejsapi=1&#038;autoplay=0&#038;cc_load_policy=0&#038;cc_lang_pref=&#038;iv_load_policy=1&#038;loop=0&#038;rel=1&#038;fs=1&#038;playsinline=0&#038;autohide=2&#038;theme=dark&#038;color=red&#038;controls=1&#038;disablekb=0&#038;\" class=\"__youtube_prefs__  no-lazyload\" title=\"YouTube player\"  allow=\"fullscreen; accelerometer; autoplay; clipboard-write; encrypted-media; gyroscope; picture-in-picture; web-share\" referrerpolicy=\"strict-origin-when-cross-origin\" allowfullscreen data-no-lazy=\"1\" data-skipgform_ajax_framebjll=\"\"><\/iframe><\/div><\/figure>","protected":false},"excerpt":{"rendered":"<p>Comp\u00e9tition KATA le 27 Janvier&nbsp;2019 \u00e0&nbsp;Domont&nbsp;&#8230; 3 Karat\u00e9kas du KCM repr\u00e9sentaient le KCM le Dimanche 27 Janvier \u00e0 la coupe d\u00e9partementale du 95 KATA qui se d\u00e9roulait \u00e0 Domont. Nos 3 comp\u00e9titeurs sont tomb\u00e9s dans des cat\u00e9gories au niveau tr\u00e8s <a class=\"more-link\" href=\"https:\/\/karateclubmenucourt.fr\/index.php\/actus-du-club\/\">Continuer la lecture <span class=\"screen-reader-text\">  R\u00e9sultats Comp\u00e9tition Janvier 2019<\/span><span class=\"meta-nav\">&rarr;<\/span><\/a><\/p>\n","protected":false},"author":1,"featured_media":0,"parent":0,"menu_order":0,"comment_status":"closed","ping_status":"closed","template":"","meta":{"footnotes":""},"class_list":["post-304","page","type-page","status-publish","hentry"],"jetpack_sharing_enabled":true,"_links":{"self":[{"href":"https:\/\/karateclubmenucourt.fr\/index.php\/wp-json\/wp\/v2\/pages\/304","targetHints":{"allow":["GET"]}}],"collection":[{"href":"https:\/\/karateclubmenucourt.fr\/index.php\/wp-json\/wp\/v2\/pages"}],"about":[{"href":"https:\/\/karateclubmenucourt.fr\/index.php\/wp-json\/wp\/v2\/types\/page"}],"author":[{"embeddable":true,"href":"https:\/\/karateclubmenucourt.fr\/index.php\/wp-json\/wp\/v2\/users\/1"}],"replies":[{"embeddable":true,"href":"https:\/\/karateclubmenucourt.fr\/index.php\/wp-json\/wp\/v2\/comments?post=304"}],"version-history":[{"count":30,"href":"https:\/\/karateclubmenucourt.fr\/index.php\/wp-json\/wp\/v2\/pages\/304\/revisions"}],"predecessor-version":[{"id":941,"href":"https:\/\/karateclubmenucourt.fr\/index.php\/wp-json\/wp\/v2\/pages\/304\/revisions\/941"}],"wp:attachment":[{"href":"https:\/\/karateclubmenucourt.fr\/index.php\/wp-json\/wp\/v2\/media?parent=304"}],"curies":[{"name":"wp","href":"https:\/\/api.w.org\/{rel}","templated":true}]}}