{"id":259,"date":"2018-12-18T12:43:55","date_gmt":"2018-12-18T11:43:55","guid":{"rendered":"http:\/\/karateclubmenucourt.fr\/?page_id=259"},"modified":"2025-08-13T21:18:16","modified_gmt":"2025-08-13T19:18:16","slug":"fiche-dinscription","status":"publish","type":"page","link":"https:\/\/karateclubmenucourt.fr\/index.php\/fiche-dinscription\/","title":{"rendered":"Documents d&rsquo;inscription"},"content":{"rendered":"\n<p>Nous vous remercions par avance de bien vouloir remplir et nous transmettre les documents ci-dessous dans le cadre de votre inscription.<\/p>\n\n\n\n<p class=\"has-normal-font-size\"><strong>Formulaire de demande de licence pour les nouveaux adh\u00e9rents <\/strong>(nous distribuerons les demande de licence pr\u00e9remplies aux adh\u00e9rents ayant pratiqu\u00e9 dans notre association la saison pass\u00e9e lors du forum des association ou lors du premiers cours de la saison) :<\/p>\n\n\n\n<div data-wp-interactive=\"core\/file\" class=\"wp-block-file\"><object data-wp-bind--hidden=\"!state.hasPdfPreview\" hidden class=\"wp-block-file__embed\" data=\"https:\/\/karateclubmenucourt.fr\/wp-content\/uploads\/2025\/08\/FORMULAIRE_DEMANDE-DE-LICENCE-2025-2026.pdf\" type=\"application\/pdf\" style=\"width:100%;height:600px\" aria-label=\"Contenu embarqu\u00e9 FORMULAIRE_DEMANDE DE LICENCE 2025-2026.\"><\/object><a id=\"wp-block-file--media-65636fd8-9623-4a83-957d-c5949c37cddc\" href=\"https:\/\/karateclubmenucourt.fr\/wp-content\/uploads\/2025\/08\/FORMULAIRE_DEMANDE-DE-LICENCE-2025-2026.pdf\">FORMULAIRE_DEMANDE DE LICENCE 2025-2026<\/a><a href=\"https:\/\/karateclubmenucourt.fr\/wp-content\/uploads\/2025\/08\/FORMULAIRE_DEMANDE-DE-LICENCE-2025-2026.pdf\" class=\"wp-block-file__button wp-element-button\" download aria-describedby=\"wp-block-file--media-65636fd8-9623-4a83-957d-c5949c37cddc\">T\u00e9l\u00e9charger<\/a><\/div>\n\n\n\n<div data-wp-interactive=\"core\/file\" class=\"wp-block-file\"><object data-wp-bind--hidden=\"!state.hasPdfPreview\" hidden class=\"wp-block-file__embed\" data=\"https:\/\/karateclubmenucourt.fr\/wp-content\/uploads\/2025\/08\/Fiche-inscription-KCM-2025-2026-V1.pdf\" type=\"application\/pdf\" style=\"width:100%;height:600px\" aria-label=\"Contenu embarqu\u00e9 Fiche-inscription-KCM-2025-2026-V1.\"><\/object><a id=\"wp-block-file--media-3031de45-52c9-4db1-99d7-3e61abb4b302\" href=\"https:\/\/karateclubmenucourt.fr\/wp-content\/uploads\/2025\/08\/Fiche-inscription-KCM-2025-2026-V1.pdf\">Fiche-inscription-KCM-2025-2026-V1<\/a><a href=\"https:\/\/karateclubmenucourt.fr\/wp-content\/uploads\/2025\/08\/Fiche-inscription-KCM-2025-2026-V1.pdf\" class=\"wp-block-file__button wp-element-button\" download aria-describedby=\"wp-block-file--media-3031de45-52c9-4db1-99d7-3e61abb4b302\">T\u00e9l\u00e9charger<\/a><\/div>\n\n\n\n<div class=\"wp-block-file\"><a id=\"wp-block-file--media-8887af87-4699-439b-a9b0-11a2c6ccd7f0\" href=\"https:\/\/karateclubmenucourt.fr\/wp-content\/uploads\/2019\/08\/D\u00e9charge-certificat-m\u00e9dical-2.docx\">D\u00e9charge-certificat-m\u00e9dical<\/a><a href=\"https:\/\/karateclubmenucourt.fr\/wp-content\/uploads\/2019\/08\/D\u00e9charge-certificat-m\u00e9dical-2.docx\" class=\"wp-block-file__button wp-element-button\" download aria-describedby=\"wp-block-file--media-8887af87-4699-439b-a9b0-11a2c6ccd7f0\">T\u00e9l\u00e9charger<\/a><\/div>\n\n\n\n<div class=\"wp-block-file\"><a id=\"wp-block-file--media-7d46bc2a-2574-4f1c-84f1-83730b1ffbc0\" href=\"https:\/\/karateclubmenucourt.fr\/wp-content\/uploads\/2021\/08\/Annexe-n\u00b01-QUESTIONNAIRE-A-DESTINATION-DES-LICENCIES-MINEURS-1.pdf\">Annexe-n\u00b01-QUESTIONNAIRE-A-DESTINATION-DES-LICENCIES-MINEURS-1<\/a><a href=\"https:\/\/karateclubmenucourt.fr\/wp-content\/uploads\/2021\/08\/Annexe-n\u00b01-QUESTIONNAIRE-A-DESTINATION-DES-LICENCIES-MINEURS-1.pdf\" class=\"wp-block-file__button wp-element-button\" download aria-describedby=\"wp-block-file--media-7d46bc2a-2574-4f1c-84f1-83730b1ffbc0\">T\u00e9l\u00e9charger<\/a><\/div>\n\n\n\n<div class=\"wp-block-file\"><a id=\"wp-block-file--media-9e3a8a12-0e32-4780-a4e8-b6a4772efd3e\" href=\"https:\/\/karateclubmenucourt.fr\/wp-content\/uploads\/2021\/08\/Annexe-n\u00b02-ATTESTATION-SUR-LHONNEUR-SPORTIF-MINEUR.pdf\">Annexe-n\u00b02-ATTESTATION-SUR-LHONNEUR-SPORTIF-MINEUR<\/a><a href=\"https:\/\/karateclubmenucourt.fr\/wp-content\/uploads\/2021\/08\/Annexe-n\u00b02-ATTESTATION-SUR-LHONNEUR-SPORTIF-MINEUR.pdf\" class=\"wp-block-file__button wp-element-button\" download aria-describedby=\"wp-block-file--media-9e3a8a12-0e32-4780-a4e8-b6a4772efd3e\">T\u00e9l\u00e9charger<\/a><\/div>\n\n\n\n<div data-wp-interactive=\"core\/file\" class=\"wp-block-file\"><object data-wp-bind--hidden=\"!state.hasPdfPreview\" hidden class=\"wp-block-file__embed\" data=\"https:\/\/karateclubmenucourt.fr\/wp-content\/uploads\/2025\/08\/Reglement-Interieur-KCM_2025-2026.pdf\" type=\"application\/pdf\" style=\"width:100%;height:600px\" aria-label=\"Contenu embarqu\u00e9 R\u00e9glement-Int\u00e9rieur-KCM_2025-2026.\"><\/object><a id=\"wp-block-file--media-e599b8c6-3034-4e5c-a8a4-4dc38e654adc\" href=\"https:\/\/karateclubmenucourt.fr\/wp-content\/uploads\/2025\/08\/Reglement-Interieur-KCM_2025-2026.pdf\">R\u00e9glement-Int\u00e9rieur-KCM_2025-2026<\/a><a href=\"https:\/\/karateclubmenucourt.fr\/wp-content\/uploads\/2025\/08\/Reglement-Interieur-KCM_2025-2026.pdf\" class=\"wp-block-file__button wp-element-button\" download aria-describedby=\"wp-block-file--media-e599b8c6-3034-4e5c-a8a4-4dc38e654adc\">T\u00e9l\u00e9charger<\/a><\/div>\n\n\n\n<p>Les membres du bureaux se tiennent \u00e0 votre disposition pour toute information compl\u00e9mentaire.<\/p>\n","protected":false},"excerpt":{"rendered":"<p>Nous vous remercions par avance de bien vouloir remplir et nous transmettre les documents ci-dessous dans le cadre de votre inscription. Formulaire de demande de licence pour les nouveaux adh\u00e9rents (nous distribuerons les demande de licence pr\u00e9remplies aux adh\u00e9rents ayant <a class=\"more-link\" href=\"https:\/\/karateclubmenucourt.fr\/index.php\/fiche-dinscription\/\">Continuer la lecture <span class=\"screen-reader-text\">  Documents d&rsquo;inscription<\/span><span class=\"meta-nav\">&rarr;<\/span><\/a><\/p>\n","protected":false},"author":1,"featured_media":0,"parent":0,"menu_order":0,"comment_status":"closed","ping_status":"closed","template":"","meta":{"footnotes":""},"class_list":["post-259","page","type-page","status-publish","hentry"],"jetpack_sharing_enabled":true,"_links":{"self":[{"href":"https:\/\/karateclubmenucourt.fr\/index.php\/wp-json\/wp\/v2\/pages\/259","targetHints":{"allow":["GET"]}}],"collection":[{"href":"https:\/\/karateclubmenucourt.fr\/index.php\/wp-json\/wp\/v2\/pages"}],"about":[{"href":"https:\/\/karateclubmenucourt.fr\/index.php\/wp-json\/wp\/v2\/types\/page"}],"author":[{"embeddable":true,"href":"https:\/\/karateclubmenucourt.fr\/index.php\/wp-json\/wp\/v2\/users\/1"}],"replies":[{"embeddable":true,"href":"https:\/\/karateclubmenucourt.fr\/index.php\/wp-json\/wp\/v2\/comments?post=259"}],"version-history":[{"count":36,"href":"https:\/\/karateclubmenucourt.fr\/index.php\/wp-json\/wp\/v2\/pages\/259\/revisions"}],"predecessor-version":[{"id":1671,"href":"https:\/\/karateclubmenucourt.fr\/index.php\/wp-json\/wp\/v2\/pages\/259\/revisions\/1671"}],"wp:attachment":[{"href":"https:\/\/karateclubmenucourt.fr\/index.php\/wp-json\/wp\/v2\/media?parent=259"}],"curies":[{"name":"wp","href":"https:\/\/api.w.org\/{rel}","templated":true}]}}