{"id":258,"date":"2018-12-18T12:43:55","date_gmt":"2018-12-18T11:43:55","guid":{"rendered":"http:\/\/karateclubmenucourt.fr\/?page_id=258"},"modified":"2025-08-14T11:14:43","modified_gmt":"2025-08-14T09:14:43","slug":"horaires-et-tarifs","status":"publish","type":"page","link":"https:\/\/karateclubmenucourt.fr\/index.php\/horaires-et-tarifs\/","title":{"rendered":"Horaires et Tarifs 2025-2026"},"content":{"rendered":"\n<p>Les horaires des cours collectifs ainsi que les tarifs pour la saison 2025-2026 du KARAT\u00c9 CLUB MENUCOURT seront les suivants :<\/p>\n\n\n\n<figure class=\"wp-block-image size-large\"><img data-recalc-dims=\"1\" loading=\"lazy\" decoding=\"async\" width=\"530\" height=\"750\" src=\"https:\/\/i0.wp.com\/karateclubmenucourt.fr\/wp-content\/uploads\/2025\/08\/Flyer2025KCM-4.jpg?resize=530%2C750&#038;ssl=1\" alt=\"\" class=\"wp-image-1687\" srcset=\"https:\/\/i0.wp.com\/karateclubmenucourt.fr\/wp-content\/uploads\/2025\/08\/Flyer2025KCM-4.jpg?resize=724%2C1024&amp;ssl=1 724w, https:\/\/i0.wp.com\/karateclubmenucourt.fr\/wp-content\/uploads\/2025\/08\/Flyer2025KCM-4.jpg?resize=212%2C300&amp;ssl=1 212w, https:\/\/i0.wp.com\/karateclubmenucourt.fr\/wp-content\/uploads\/2025\/08\/Flyer2025KCM-4.jpg?resize=768%2C1086&amp;ssl=1 768w, https:\/\/i0.wp.com\/karateclubmenucourt.fr\/wp-content\/uploads\/2025\/08\/Flyer2025KCM-4.jpg?w=794&amp;ssl=1 794w\" sizes=\"auto, (max-width: 530px) 100vw, 530px\" \/><\/figure>\n\n\n\n<p><strong>INSCRIPTIONS :<\/strong><\/p>\n\n\n\n<p>Vous pourrez d\u00e9poser votre dossier soit lors de la <strong>journ\u00e9e des associations<\/strong> qui se d\u00e9roulera au COSEC de Menucourt le <strong>6 Septembre 2025<\/strong>, ou lors de la reprise des cours aupr\u00e8s d&rsquo;un membre du bureau.<\/p>\n\n\n\n<p class=\"has-white-background-color has-text-color has-background\" style=\"color:#00518e\"><strong>L&rsquo;inscription en cours d&rsquo;ann\u00e9e est \u00e9galement possible (tarifs d\u00e9gressifs selon la date d&rsquo;arriv\u00e9e de l&rsquo;adh\u00e9rent).<\/strong><\/p>\n\n\n\n<p>Au plaisir de vous retrouver sur le tatami !! \ud83d\ude09<\/p>\n\n\n\n<p><\/p>\n","protected":false},"excerpt":{"rendered":"<p>Les horaires des cours collectifs ainsi que les tarifs pour la saison 2025-2026 du KARAT\u00c9 CLUB MENUCOURT seront les suivants : INSCRIPTIONS : Vous pourrez d\u00e9poser votre dossier soit lors de la journ\u00e9e des associations qui se d\u00e9roulera au COSEC <a class=\"more-link\" href=\"https:\/\/karateclubmenucourt.fr\/index.php\/horaires-et-tarifs\/\">Continuer la lecture <span class=\"screen-reader-text\">  Horaires et Tarifs 2025-2026<\/span><span class=\"meta-nav\">&rarr;<\/span><\/a><\/p>\n","protected":false},"author":1,"featured_media":0,"parent":0,"menu_order":0,"comment_status":"closed","ping_status":"closed","template":"","meta":{"footnotes":""},"class_list":["post-258","page","type-page","status-publish","hentry"],"jetpack_sharing_enabled":true,"_links":{"self":[{"href":"https:\/\/karateclubmenucourt.fr\/index.php\/wp-json\/wp\/v2\/pages\/258","targetHints":{"allow":["GET"]}}],"collection":[{"href":"https:\/\/karateclubmenucourt.fr\/index.php\/wp-json\/wp\/v2\/pages"}],"about":[{"href":"https:\/\/karateclubmenucourt.fr\/index.php\/wp-json\/wp\/v2\/types\/page"}],"author":[{"embeddable":true,"href":"https:\/\/karateclubmenucourt.fr\/index.php\/wp-json\/wp\/v2\/users\/1"}],"replies":[{"embeddable":true,"href":"https:\/\/karateclubmenucourt.fr\/index.php\/wp-json\/wp\/v2\/comments?post=258"}],"version-history":[{"count":28,"href":"https:\/\/karateclubmenucourt.fr\/index.php\/wp-json\/wp\/v2\/pages\/258\/revisions"}],"predecessor-version":[{"id":1688,"href":"https:\/\/karateclubmenucourt.fr\/index.php\/wp-json\/wp\/v2\/pages\/258\/revisions\/1688"}],"wp:attachment":[{"href":"https:\/\/karateclubmenucourt.fr\/index.php\/wp-json\/wp\/v2\/media?parent=258"}],"curies":[{"name":"wp","href":"https:\/\/api.w.org\/{rel}","templated":true}]}}