{"id":226,"date":"2018-12-18T11:52:08","date_gmt":"2018-12-18T10:52:08","guid":{"rendered":"http:\/\/karateclubmenucourt.fr\/?page_id=226"},"modified":"2020-12-21T16:19:31","modified_gmt":"2020-12-21T15:19:31","slug":"notre-histoire","status":"publish","type":"page","link":"https:\/\/karateclubmenucourt.fr\/index.php\/notre-histoire\/","title":{"rendered":"L&rsquo;histoire du KCM"},"content":{"rendered":"\n<p> Au d\u00e9part la pratique du Karat\u00e9 s&rsquo;est effectu\u00e9e \u00e0 Menucourt au sein de l&rsquo;association Judo Karat\u00e9 Menucourt (JKM), dans le cadre de sa section KARATE SHOTOKAN.<\/p>\n\n\n\n<p>Depuis le 19 juillet 2013, une association loi 1901 a \u00e9t\u00e9 cr\u00e9\u00e9e sous le nom de\u00a0<strong>KARATE CLUB MENUCOURT<\/strong>, d\u00e9clar\u00e9e \u00e0 la pr\u00e9fecture du Val d&rsquo;Oise sous le num\u00e9ro d&rsquo;identification R.N.A. <strong>W953004984.<\/strong><\/p>\n\n\n\n<p>Son num\u00e9ro SIRET est&nbsp;<strong>79483377200013<\/strong>&nbsp;<\/p>\n\n\n\n<p><\/p>\n\n\n\n<p><\/p>\n","protected":false},"excerpt":{"rendered":"<p>Au d\u00e9part la pratique du Karat\u00e9 s&rsquo;est effectu\u00e9e \u00e0 Menucourt au sein de l&rsquo;association Judo Karat\u00e9 Menucourt (JKM), dans le cadre de sa section KARATE SHOTOKAN. Depuis le 19 juillet 2013, une association loi 1901 a \u00e9t\u00e9 cr\u00e9\u00e9e sous le <a class=\"more-link\" href=\"https:\/\/karateclubmenucourt.fr\/index.php\/notre-histoire\/\">Continuer la lecture <span class=\"screen-reader-text\">  L&rsquo;histoire du KCM<\/span><span class=\"meta-nav\">&rarr;<\/span><\/a><\/p>\n","protected":false},"author":1,"featured_media":0,"parent":0,"menu_order":0,"comment_status":"closed","ping_status":"closed","template":"","meta":{"footnotes":""},"class_list":["post-226","page","type-page","status-publish","hentry"],"jetpack_sharing_enabled":true,"_links":{"self":[{"href":"https:\/\/karateclubmenucourt.fr\/index.php\/wp-json\/wp\/v2\/pages\/226","targetHints":{"allow":["GET"]}}],"collection":[{"href":"https:\/\/karateclubmenucourt.fr\/index.php\/wp-json\/wp\/v2\/pages"}],"about":[{"href":"https:\/\/karateclubmenucourt.fr\/index.php\/wp-json\/wp\/v2\/types\/page"}],"author":[{"embeddable":true,"href":"https:\/\/karateclubmenucourt.fr\/index.php\/wp-json\/wp\/v2\/users\/1"}],"replies":[{"embeddable":true,"href":"https:\/\/karateclubmenucourt.fr\/index.php\/wp-json\/wp\/v2\/comments?post=226"}],"version-history":[{"count":4,"href":"https:\/\/karateclubmenucourt.fr\/index.php\/wp-json\/wp\/v2\/pages\/226\/revisions"}],"predecessor-version":[{"id":800,"href":"https:\/\/karateclubmenucourt.fr\/index.php\/wp-json\/wp\/v2\/pages\/226\/revisions\/800"}],"wp:attachment":[{"href":"https:\/\/karateclubmenucourt.fr\/index.php\/wp-json\/wp\/v2\/media?parent=226"}],"curies":[{"name":"wp","href":"https:\/\/api.w.org\/{rel}","templated":true}]}}