{"id":210,"date":"2018-12-18T11:48:11","date_gmt":"2018-12-18T10:48:11","guid":{"rendered":"http:\/\/karateclubmenucourt.fr\/?page_id=210"},"modified":"2025-08-13T22:35:42","modified_gmt":"2025-08-13T20:35:42","slug":"les-membres-du-bureau","status":"publish","type":"page","link":"https:\/\/karateclubmenucourt.fr\/index.php\/les-membres-du-bureau\/","title":{"rendered":"Les membres du bureau"},"content":{"rendered":"<div class=\"wp-block-image\">\n<figure class=\"aligncenter size-large is-resized\"><img data-recalc-dims=\"1\" loading=\"lazy\" decoding=\"async\" width=\"530\" height=\"530\" src=\"https:\/\/i0.wp.com\/karateclubmenucourt.fr\/wp-content\/uploads\/2020\/12\/Momo.jpg?resize=530%2C530&#038;ssl=1\" alt=\"\" class=\"wp-image-1410\" style=\"width:311px;height:311px\" srcset=\"https:\/\/i0.wp.com\/karateclubmenucourt.fr\/wp-content\/uploads\/2020\/12\/Momo.jpg?w=800&amp;ssl=1 800w, https:\/\/i0.wp.com\/karateclubmenucourt.fr\/wp-content\/uploads\/2020\/12\/Momo.jpg?resize=300%2C300&amp;ssl=1 300w, https:\/\/i0.wp.com\/karateclubmenucourt.fr\/wp-content\/uploads\/2020\/12\/Momo.jpg?resize=150%2C150&amp;ssl=1 150w, https:\/\/i0.wp.com\/karateclubmenucourt.fr\/wp-content\/uploads\/2020\/12\/Momo.jpg?resize=768%2C768&amp;ssl=1 768w\" sizes=\"auto, (max-width: 530px) 100vw, 530px\" \/><figcaption class=\"wp-element-caption\"><strong>MOHAMED RIDAOUI <\/strong><em>&#8211; Pr\u00e9sident &#8211; Dipl\u00f4m\u00e9 Instructeur F\u00e9d\u00e9ral &#8211; 4\u00e8me DAN<\/em><\/figcaption><\/figure>\n<\/div>\n\n<div class=\"wp-block-image\">\n<figure class=\"aligncenter size-full is-resized\"><img data-recalc-dims=\"1\" loading=\"lazy\" decoding=\"async\" width=\"530\" height=\"478\" src=\"https:\/\/i0.wp.com\/karateclubmenucourt.fr\/wp-content\/uploads\/2021\/08\/Edwige1.jpg?resize=530%2C478&#038;ssl=1\" alt=\"\" class=\"wp-image-1456\" style=\"width:313px;height:282px\" srcset=\"https:\/\/i0.wp.com\/karateclubmenucourt.fr\/wp-content\/uploads\/2021\/08\/Edwige1.jpg?w=1559&amp;ssl=1 1559w, https:\/\/i0.wp.com\/karateclubmenucourt.fr\/wp-content\/uploads\/2021\/08\/Edwige1.jpg?resize=300%2C271&amp;ssl=1 300w, https:\/\/i0.wp.com\/karateclubmenucourt.fr\/wp-content\/uploads\/2021\/08\/Edwige1.jpg?resize=1024%2C924&amp;ssl=1 1024w, https:\/\/i0.wp.com\/karateclubmenucourt.fr\/wp-content\/uploads\/2021\/08\/Edwige1.jpg?resize=768%2C693&amp;ssl=1 768w, https:\/\/i0.wp.com\/karateclubmenucourt.fr\/wp-content\/uploads\/2021\/08\/Edwige1.jpg?resize=1536%2C1385&amp;ssl=1 1536w\" sizes=\"auto, (max-width: 530px) 100vw, 530px\" \/><figcaption class=\"wp-element-caption\"><strong>EDWIGE FERNANDES <\/strong>&#8211; Pr\u00e9sidente-Adjointe<\/figcaption><\/figure>\n<\/div>\n\n<div class=\"wp-block-image is-style-default\">\n<figure class=\"aligncenter is-resized\"><img data-recalc-dims=\"1\" loading=\"lazy\" decoding=\"async\" width=\"192\" height=\"294\" src=\"https:\/\/i0.wp.com\/karateclubmenucourt.fr\/wp-content\/uploads\/2019\/08\/image-3.png?resize=192%2C294&#038;ssl=1\" alt=\"\" class=\"wp-image-1246\" style=\"width:301px;height:460px\"\/><figcaption class=\"wp-element-caption\"><strong>BENOIT DUPRE<\/strong><em> &#8211; Tr\u00e9sorie<\/em>r &#8211; 1er DAN<\/figcaption><\/figure>\n<\/div>\n\n<div class=\"wp-block-image is-style-default\">\n<figure class=\"aligncenter size-full is-resized\"><img data-recalc-dims=\"1\" loading=\"lazy\" decoding=\"async\" width=\"177\" height=\"177\" src=\"https:\/\/i0.wp.com\/karateclubmenucourt.fr\/wp-content\/uploads\/2019\/08\/image-2.png?resize=177%2C177&#038;ssl=1\" alt=\"\" class=\"wp-image-1245\" style=\"width:303px;height:303px\" srcset=\"https:\/\/i0.wp.com\/karateclubmenucourt.fr\/wp-content\/uploads\/2019\/08\/image-2.png?w=177&amp;ssl=1 177w, https:\/\/i0.wp.com\/karateclubmenucourt.fr\/wp-content\/uploads\/2019\/08\/image-2.png?resize=150%2C150&amp;ssl=1 150w, https:\/\/i0.wp.com\/karateclubmenucourt.fr\/wp-content\/uploads\/2019\/08\/image-2.png?resize=16%2C16&amp;ssl=1 16w\" sizes=\"auto, (max-width: 177px) 100vw, 177px\" \/><figcaption class=\"wp-element-caption\"><strong>Dimitri FARCY<\/strong> &#8211; Secr\u00e9taire et Webmaster &#8211; <em>Dipl\u00f4m\u00e9 Instructeur F\u00e9d\u00e9ral &#8211;<\/em> 1er DAN<\/figcaption><\/figure>\n<\/div>\n\n<div class=\"wp-block-image\">\n<figure class=\"aligncenter size-large is-resized\"><img data-recalc-dims=\"1\" loading=\"lazy\" decoding=\"async\" width=\"530\" height=\"707\" src=\"https:\/\/i0.wp.com\/karateclubmenucourt.fr\/wp-content\/uploads\/2022\/06\/kCM-Debo-Ceinture-marron.jpg?resize=530%2C707&#038;ssl=1\" alt=\"\" class=\"wp-image-1516\" style=\"width:307px;height:410px\" srcset=\"https:\/\/i0.wp.com\/karateclubmenucourt.fr\/wp-content\/uploads\/2022\/06\/kCM-Debo-Ceinture-marron.jpg?resize=768%2C1024&amp;ssl=1 768w, https:\/\/i0.wp.com\/karateclubmenucourt.fr\/wp-content\/uploads\/2022\/06\/kCM-Debo-Ceinture-marron.jpg?resize=225%2C300&amp;ssl=1 225w, https:\/\/i0.wp.com\/karateclubmenucourt.fr\/wp-content\/uploads\/2022\/06\/kCM-Debo-Ceinture-marron.jpg?resize=1152%2C1536&amp;ssl=1 1152w, https:\/\/i0.wp.com\/karateclubmenucourt.fr\/wp-content\/uploads\/2022\/06\/kCM-Debo-Ceinture-marron.jpg?w=1200&amp;ssl=1 1200w, https:\/\/i0.wp.com\/karateclubmenucourt.fr\/wp-content\/uploads\/2022\/06\/kCM-Debo-Ceinture-marron.jpg?w=1060&amp;ssl=1 1060w\" sizes=\"auto, (max-width: 530px) 100vw, 530px\" \/><figcaption class=\"wp-element-caption\"><strong>DEBORA DUPRE DEMORSY <\/strong>&#8211; Secr\u00e9taire-Adjointe &#8211; <em>Dipl\u00f4m\u00e9e Instructeur F\u00e9d\u00e9ral &#8211;<\/em> 1er DAN<\/figcaption><\/figure>\n<\/div>\n\n\n<div class=\"wp-block-group\"><div class=\"wp-block-group__inner-container is-layout-flow wp-block-group-is-layout-flow\"><div class=\"wp-block-image\">\n<figure class=\"aligncenter size-large is-resized\"><img data-recalc-dims=\"1\" loading=\"lazy\" decoding=\"async\" width=\"530\" height=\"486\" src=\"https:\/\/i0.wp.com\/karateclubmenucourt.fr\/wp-content\/uploads\/2020\/12\/hossain.jpg?resize=530%2C486&#038;ssl=1\" alt=\"\" class=\"wp-image-1411\" style=\"width:308px;height:282px\" srcset=\"https:\/\/i0.wp.com\/karateclubmenucourt.fr\/wp-content\/uploads\/2020\/12\/hossain.jpg?w=574&amp;ssl=1 574w, https:\/\/i0.wp.com\/karateclubmenucourt.fr\/wp-content\/uploads\/2020\/12\/hossain.jpg?resize=300%2C275&amp;ssl=1 300w\" sizes=\"auto, (max-width: 530px) 100vw, 530px\" \/><figcaption class=\"wp-element-caption\"><em><strong>HOSSAIN<\/strong><\/em> <em><strong>EL BOURJI<\/strong><\/em> &#8211; DIF &amp; 2\u00e8me DAN<img data-recalc-dims=\"1\" decoding=\"async\" src=\"https:\/\/i0.wp.com\/mail.google.com\/mail\/u\/0\/images\/cleardot.gif?w=530&#038;ssl=1\" alt=\"\"><\/figcaption><\/figure>\n<\/div><\/div><\/div>\n","protected":false},"excerpt":{"rendered":"","protected":false},"author":1,"featured_media":0,"parent":0,"menu_order":0,"comment_status":"closed","ping_status":"closed","template":"","meta":{"footnotes":""},"class_list":["post-210","page","type-page","status-publish","hentry"],"jetpack_sharing_enabled":true,"_links":{"self":[{"href":"https:\/\/karateclubmenucourt.fr\/index.php\/wp-json\/wp\/v2\/pages\/210","targetHints":{"allow":["GET"]}}],"collection":[{"href":"https:\/\/karateclubmenucourt.fr\/index.php\/wp-json\/wp\/v2\/pages"}],"about":[{"href":"https:\/\/karateclubmenucourt.fr\/index.php\/wp-json\/wp\/v2\/types\/page"}],"author":[{"embeddable":true,"href":"https:\/\/karateclubmenucourt.fr\/index.php\/wp-json\/wp\/v2\/users\/1"}],"replies":[{"embeddable":true,"href":"https:\/\/karateclubmenucourt.fr\/index.php\/wp-json\/wp\/v2\/comments?post=210"}],"version-history":[{"count":39,"href":"https:\/\/karateclubmenucourt.fr\/index.php\/wp-json\/wp\/v2\/pages\/210\/revisions"}],"predecessor-version":[{"id":1678,"href":"https:\/\/karateclubmenucourt.fr\/index.php\/wp-json\/wp\/v2\/pages\/210\/revisions\/1678"}],"wp:attachment":[{"href":"https:\/\/karateclubmenucourt.fr\/index.php\/wp-json\/wp\/v2\/media?parent=210"}],"curies":[{"name":"wp","href":"https:\/\/api.w.org\/{rel}","templated":true}]}}