{"id":196,"date":"2018-12-18T11:40:19","date_gmt":"2018-12-18T10:40:19","guid":{"rendered":"http:\/\/karateclubmenucourt.fr\/?page_id=196"},"modified":"2020-12-21T16:19:51","modified_gmt":"2020-12-21T15:19:51","slug":"notre-sensei","status":"publish","type":"page","link":"https:\/\/karateclubmenucourt.fr\/index.php\/notre-sensei\/","title":{"rendered":"Notre Sensei"},"content":{"rendered":"\n<h2 class=\"has-blue-color has-text-color wp-block-heading\">DOMINIQUE DECHORGNAT<\/h2>\n\n\n\n<div class=\"wp-block-image\"><figure class=\"aligncenter\"><img data-recalc-dims=\"1\" decoding=\"async\" src=\"https:\/\/i0.wp.com\/static.wixstatic.com\/media\/1862a2_d1cbd0aa4d1948e1b927c0d641e32b11~mv2.jpg\/v1\/fill\/w_490%2Ch_681%2Cal_c%2Cq_80%2Cusm_0.66_1.00_0.01\/1862a2_d1cbd0aa4d1948e1b927c0d641e32b11~mv2.webp?w=530&#038;ssl=1\" alt=\"Dominique Dechorgnat \/ Entraineur Karat\u00e9 Herblay\"\/><\/figure><\/div>\n\n\n\n<p>\u2022 <strong>Enseignant depuis 35 ans<\/strong><\/p>\n\n\n\n<p>\u2022 <strong>Brevet d&rsquo;\u00e9tat du 1er degr\u00e9 d&rsquo;\u00e9ducateur sportif<\/strong><\/p>\n\n\n\n<p>\u2022 <strong>Dipl\u00f4me universitaire de pr\u00e9parateur physique<\/strong><\/p>\n\n\n\n<p class=\"has-text-align-left\">N\u00e9 en 1960, d\u00e9bute la pratique du sport d\u00e8s l&rsquo;\u00e2ge de 6 ans par la natation. Puis conjointement, d\u00e9bute la pratique du judo \u00e0 l&rsquo;\u00e2ge de 8 ans jusqu&rsquo;\u00e0 12 ans, poursuivant par de l&rsquo;A\u00efkido pendant un an; avant de d\u00e9couvrir ce qui deviendra sa passion: le Karat\u00e9. Il d\u00e9bute au Karat\u00e9 Club de Taverny, alors dirig\u00e9 par Monsieur Pierre MONTEL, \u00e0 l&rsquo;\u00e9poque membre de l&rsquo;\u00e9quipe de France et comp\u00e9titeur reconnu. Il participe d\u00e8s le d\u00e9but \u00e0 de nombreuses comp\u00e9titions en ayant quelques r\u00e9sultats aux niveaux r\u00e9gionaux et nationaux. Le Full Contact fait son apparition sur le territoire fran\u00e7ais, et lui permet ainsi d&rsquo;exp\u00e9rimenter les bienfaits de la pr\u00e9paration physique indispensable pour aborder de mani\u00e8re rationnelle l&rsquo;entra\u00eenement. De ces exp\u00e9riences, il prend conscience de l&rsquo;utilit\u00e9 de d\u00e9couvrir les m\u00e9thodes de d\u00e9veloppement des capacit\u00e9s physiques fondamentales: force, vitesse, endurance \u2026 . Il pratique assid\u00fbment VTT, aviron, course \u00e0 pied \u2026 .<br>Il passe donc son dipl\u00f4me d&rsquo;\u00e9tat de Karat\u00e9 pour se consacrer \u00e0 l&rsquo;enseignement et travaille dans diff\u00e9rentes structures comme moniteur sportif. Sa passion pour le Karat\u00e9 et la culture japonaise l&rsquo;am\u00e8ne a r\u00e9aliser diff\u00e9rents s\u00e9jours au Japon, \u00e0 la fois pour approfondir sa technique de Karat\u00e9, mais aussi de mieux conna\u00eetre cette culture qui le fascine.<\/p>\n","protected":false},"excerpt":{"rendered":"<p>DOMINIQUE DECHORGNAT \u2022 Enseignant depuis 35 ans \u2022 Brevet d&rsquo;\u00e9tat du 1er degr\u00e9 d&rsquo;\u00e9ducateur sportif \u2022 Dipl\u00f4me universitaire de pr\u00e9parateur physique N\u00e9 en 1960, d\u00e9bute la pratique du sport d\u00e8s l&rsquo;\u00e2ge de 6 ans par la natation. Puis conjointement, d\u00e9bute <a class=\"more-link\" href=\"https:\/\/karateclubmenucourt.fr\/index.php\/notre-sensei\/\">Continuer la lecture <span class=\"screen-reader-text\">  Notre Sensei<\/span><span class=\"meta-nav\">&rarr;<\/span><\/a><\/p>\n","protected":false},"author":1,"featured_media":0,"parent":0,"menu_order":0,"comment_status":"closed","ping_status":"closed","template":"","meta":{"footnotes":""},"class_list":["post-196","page","type-page","status-publish","hentry"],"jetpack_sharing_enabled":true,"_links":{"self":[{"href":"https:\/\/karateclubmenucourt.fr\/index.php\/wp-json\/wp\/v2\/pages\/196","targetHints":{"allow":["GET"]}}],"collection":[{"href":"https:\/\/karateclubmenucourt.fr\/index.php\/wp-json\/wp\/v2\/pages"}],"about":[{"href":"https:\/\/karateclubmenucourt.fr\/index.php\/wp-json\/wp\/v2\/types\/page"}],"author":[{"embeddable":true,"href":"https:\/\/karateclubmenucourt.fr\/index.php\/wp-json\/wp\/v2\/users\/1"}],"replies":[{"embeddable":true,"href":"https:\/\/karateclubmenucourt.fr\/index.php\/wp-json\/wp\/v2\/comments?post=196"}],"version-history":[{"count":7,"href":"https:\/\/karateclubmenucourt.fr\/index.php\/wp-json\/wp\/v2\/pages\/196\/revisions"}],"predecessor-version":[{"id":1375,"href":"https:\/\/karateclubmenucourt.fr\/index.php\/wp-json\/wp\/v2\/pages\/196\/revisions\/1375"}],"wp:attachment":[{"href":"https:\/\/karateclubmenucourt.fr\/index.php\/wp-json\/wp\/v2\/media?parent=196"}],"curies":[{"name":"wp","href":"https:\/\/api.w.org\/{rel}","templated":true}]}}