{"id":1587,"date":"2023-05-30T08:47:32","date_gmt":"2023-05-30T06:47:32","guid":{"rendered":"https:\/\/karateclubmenucourt.fr\/?page_id=1587"},"modified":"2025-08-13T16:38:45","modified_gmt":"2025-08-13T14:38:45","slug":"inscriptions-saison-2023-2024","status":"publish","type":"page","link":"https:\/\/karateclubmenucourt.fr\/index.php\/inscriptions-saison-2023-2024\/","title":{"rendered":"Inscriptions Saison 2025-2026"},"content":{"rendered":"\n<p class=\"has-normal-font-size\"><\/p>\n\n\n\n<h1 class=\"wp-block-heading has-blue-color has-text-color has-link-color has-large-font-size wp-elements-88d2f2e802301507002b9743c10cef9e\" id=\"titre_3172\">JOURN\u00c9E PORTES OUVERTES DES ASSOCIATIONS<\/h1>\n\n\n\n<p class=\"has-large-font-size\"><strong>Samedi 6 Septembre 2025 | De 9h \u00e0 17h30, au COSEC<\/strong><\/p>\n\n\n\n<p class=\"has-normal-font-size\"><strong>Nous vous attendrons comme chaque ann\u00e9e pour la prise des nouvelles inscriptions ainsi que des r\u00e9inscriptions.  <\/strong><\/p>\n\n\n\n<p><\/p>\n\n\n\n<p>Vous retrouverez le formulaire d&rsquo;inscription dans la sous-rubrique \u00ab\u00a0Documents d&rsquo;inscription\u00a0\u00bb<\/p>\n\n\n\n<p><\/p>\n","protected":false},"excerpt":{"rendered":"<p>JOURN\u00c9E PORTES OUVERTES DES ASSOCIATIONS Samedi 6 Septembre 2025 | De 9h \u00e0 17h30, au COSEC Nous vous attendrons comme chaque ann\u00e9e pour la prise des nouvelles inscriptions ainsi que des r\u00e9inscriptions. Vous retrouverez le formulaire d&rsquo;inscription dans la sous-rubrique <a class=\"more-link\" href=\"https:\/\/karateclubmenucourt.fr\/index.php\/inscriptions-saison-2023-2024\/\">Continuer la lecture <span class=\"screen-reader-text\">  Inscriptions Saison 2025-2026<\/span><span class=\"meta-nav\">&rarr;<\/span><\/a><\/p>\n","protected":false},"author":1,"featured_media":0,"parent":0,"menu_order":0,"comment_status":"closed","ping_status":"closed","template":"","meta":{"footnotes":""},"class_list":["post-1587","page","type-page","status-publish","hentry"],"jetpack_sharing_enabled":true,"_links":{"self":[{"href":"https:\/\/karateclubmenucourt.fr\/index.php\/wp-json\/wp\/v2\/pages\/1587","targetHints":{"allow":["GET"]}}],"collection":[{"href":"https:\/\/karateclubmenucourt.fr\/index.php\/wp-json\/wp\/v2\/pages"}],"about":[{"href":"https:\/\/karateclubmenucourt.fr\/index.php\/wp-json\/wp\/v2\/types\/page"}],"author":[{"embeddable":true,"href":"https:\/\/karateclubmenucourt.fr\/index.php\/wp-json\/wp\/v2\/users\/1"}],"replies":[{"embeddable":true,"href":"https:\/\/karateclubmenucourt.fr\/index.php\/wp-json\/wp\/v2\/comments?post=1587"}],"version-history":[{"count":9,"href":"https:\/\/karateclubmenucourt.fr\/index.php\/wp-json\/wp\/v2\/pages\/1587\/revisions"}],"predecessor-version":[{"id":1664,"href":"https:\/\/karateclubmenucourt.fr\/index.php\/wp-json\/wp\/v2\/pages\/1587\/revisions\/1664"}],"wp:attachment":[{"href":"https:\/\/karateclubmenucourt.fr\/index.php\/wp-json\/wp\/v2\/media?parent=1587"}],"curies":[{"name":"wp","href":"https:\/\/api.w.org\/{rel}","templated":true}]}}