{"id":1269,"date":"2019-09-12T10:18:15","date_gmt":"2019-09-12T08:18:15","guid":{"rendered":"http:\/\/karateclubmenucourt.fr\/?page_id=1269"},"modified":"2020-12-21T16:19:31","modified_gmt":"2020-12-21T15:19:31","slug":"forum-des-associations-7-septembre-2019","status":"publish","type":"page","link":"https:\/\/karateclubmenucourt.fr\/index.php\/forum-des-associations-7-septembre-2019\/","title":{"rendered":"Forum des associations 7 Septembre 2019"},"content":{"rendered":"\n<p>Comme chaque ann\u00e9e, nous \u00e9tions pr\u00e9sents au forum des associations de Menucourt ce Samedi 7 Septembre 2019.<\/p>\n\n\n\n<p>Une tr\u00e8s belle journ\u00e9e marqu\u00e9e par une belle affluence sur notre stand ou nous avons pris plaisir \u00e0 r\u00e9pondre \u00e0 nos visiteurs&#8230;<\/p>\n\n\n\n<p>Un grand merci aux membres du bureau pour leur pr\u00e9sence et leur d\u00e9vouement pour notre club ainsi qu&rsquo;\u00e0 notre pr\u00e9sidente Edwige qui en plus d&rsquo;avoir \u00e9t\u00e9 \u00e0 nos c\u00f4t\u00e9s toute la journ\u00e9e a merveilleusement bien pr\u00e9par\u00e9 notre stand la veille &#8230; Quelle belle \u00e9quipe !<\/p>\n\n\n\n<figure class=\"wp-block-image\"><img loading=\"lazy\" decoding=\"async\" width=\"1600\" height=\"1122\" src=\"https:\/\/i0.wp.com\/karateclubmenucourt.fr\/wp-content\/uploads\/2019\/09\/IMG-20190907-WA0004.jpg?fit=530%2C372\" alt=\"\" class=\"wp-image-1272\" srcset=\"https:\/\/i0.wp.com\/karateclubmenucourt.fr\/wp-content\/uploads\/2019\/09\/IMG-20190907-WA0004.jpg?w=1600&amp;ssl=1 1600w, https:\/\/i0.wp.com\/karateclubmenucourt.fr\/wp-content\/uploads\/2019\/09\/IMG-20190907-WA0004.jpg?resize=300%2C210&amp;ssl=1 300w, https:\/\/i0.wp.com\/karateclubmenucourt.fr\/wp-content\/uploads\/2019\/09\/IMG-20190907-WA0004.jpg?resize=768%2C539&amp;ssl=1 768w, https:\/\/i0.wp.com\/karateclubmenucourt.fr\/wp-content\/uploads\/2019\/09\/IMG-20190907-WA0004.jpg?resize=1024%2C718&amp;ssl=1 1024w\" sizes=\"auto, (max-width: 530px) 100vw, 530px\" \/><\/figure>\n\n\n\n<figure class=\"wp-block-image\"><img loading=\"lazy\" decoding=\"async\" width=\"1600\" height=\"1200\" src=\"https:\/\/i2.wp.com\/karateclubmenucourt.fr\/wp-content\/uploads\/2019\/09\/IMG-20190907-WA0001.jpg?fit=530%2C398\" alt=\"\" class=\"wp-image-1270\" srcset=\"https:\/\/i0.wp.com\/karateclubmenucourt.fr\/wp-content\/uploads\/2019\/09\/IMG-20190907-WA0001.jpg?w=1600&amp;ssl=1 1600w, https:\/\/i0.wp.com\/karateclubmenucourt.fr\/wp-content\/uploads\/2019\/09\/IMG-20190907-WA0001.jpg?resize=300%2C225&amp;ssl=1 300w, https:\/\/i0.wp.com\/karateclubmenucourt.fr\/wp-content\/uploads\/2019\/09\/IMG-20190907-WA0001.jpg?resize=768%2C576&amp;ssl=1 768w, https:\/\/i0.wp.com\/karateclubmenucourt.fr\/wp-content\/uploads\/2019\/09\/IMG-20190907-WA0001.jpg?resize=1024%2C768&amp;ssl=1 1024w\" sizes=\"auto, (max-width: 530px) 100vw, 530px\" \/><\/figure>\n\n\n\n<figure class=\"wp-block-image\"><img loading=\"lazy\" decoding=\"async\" width=\"1600\" height=\"1200\" src=\"https:\/\/i2.wp.com\/karateclubmenucourt.fr\/wp-content\/uploads\/2019\/09\/IMG-20190907-WA0000.jpg?fit=530%2C398\" alt=\"\" class=\"wp-image-1271\" srcset=\"https:\/\/i0.wp.com\/karateclubmenucourt.fr\/wp-content\/uploads\/2019\/09\/IMG-20190907-WA0000.jpg?w=1600&amp;ssl=1 1600w, https:\/\/i0.wp.com\/karateclubmenucourt.fr\/wp-content\/uploads\/2019\/09\/IMG-20190907-WA0000.jpg?resize=300%2C225&amp;ssl=1 300w, https:\/\/i0.wp.com\/karateclubmenucourt.fr\/wp-content\/uploads\/2019\/09\/IMG-20190907-WA0000.jpg?resize=768%2C576&amp;ssl=1 768w, https:\/\/i0.wp.com\/karateclubmenucourt.fr\/wp-content\/uploads\/2019\/09\/IMG-20190907-WA0000.jpg?resize=1024%2C768&amp;ssl=1 1024w\" sizes=\"auto, (max-width: 530px) 100vw, 530px\" \/><\/figure>\n\n\n\n<p><\/p>\n","protected":false},"excerpt":{"rendered":"<p>Comme chaque ann\u00e9e, nous \u00e9tions pr\u00e9sents au forum des associations de Menucourt ce Samedi 7 Septembre 2019. Une tr\u00e8s belle journ\u00e9e marqu\u00e9e par une belle affluence sur notre stand ou nous avons pris plaisir \u00e0 r\u00e9pondre \u00e0 nos visiteurs&#8230; Un <a class=\"more-link\" href=\"https:\/\/karateclubmenucourt.fr\/index.php\/forum-des-associations-7-septembre-2019\/\">Continuer la lecture <span class=\"screen-reader-text\">  Forum des associations 7 Septembre 2019<\/span><span class=\"meta-nav\">&rarr;<\/span><\/a><\/p>\n","protected":false},"author":1,"featured_media":0,"parent":0,"menu_order":0,"comment_status":"closed","ping_status":"closed","template":"","meta":{"footnotes":""},"class_list":["post-1269","page","type-page","status-publish","hentry"],"jetpack_sharing_enabled":true,"_links":{"self":[{"href":"https:\/\/karateclubmenucourt.fr\/index.php\/wp-json\/wp\/v2\/pages\/1269","targetHints":{"allow":["GET"]}}],"collection":[{"href":"https:\/\/karateclubmenucourt.fr\/index.php\/wp-json\/wp\/v2\/pages"}],"about":[{"href":"https:\/\/karateclubmenucourt.fr\/index.php\/wp-json\/wp\/v2\/types\/page"}],"author":[{"embeddable":true,"href":"https:\/\/karateclubmenucourt.fr\/index.php\/wp-json\/wp\/v2\/users\/1"}],"replies":[{"embeddable":true,"href":"https:\/\/karateclubmenucourt.fr\/index.php\/wp-json\/wp\/v2\/comments?post=1269"}],"version-history":[{"count":1,"href":"https:\/\/karateclubmenucourt.fr\/index.php\/wp-json\/wp\/v2\/pages\/1269\/revisions"}],"predecessor-version":[{"id":1273,"href":"https:\/\/karateclubmenucourt.fr\/index.php\/wp-json\/wp\/v2\/pages\/1269\/revisions\/1273"}],"wp:attachment":[{"href":"https:\/\/karateclubmenucourt.fr\/index.php\/wp-json\/wp\/v2\/media?parent=1269"}],"curies":[{"name":"wp","href":"https:\/\/api.w.org\/{rel}","templated":true}]}}